{"id":988445,"date":"2016-12-05T16:27:32","date_gmt":"2016-12-05T16:27:32","guid":{"rendered":"https:\/\/unipelago.pt\/sobre-nos\/"},"modified":"2023-01-16T13:23:17","modified_gmt":"2023-01-16T13:23:17","slug":"about-us","status":"publish","type":"page","link":"https:\/\/unipelago.pt\/en\/about-us\/","title":{"rendered":"About Us"},"content":{"rendered":"<div class=\"vgblk-rw-wrapper limit-wrapper\">\r\n<h2>About Unip\u00e9lago<\/h2>\r\n<p>Founded in June 1994, Unip\u00e9lago Representa\u00e7\u00f5es, Lda. is a company that operates in the professional hygiene and cleaning market, hospital or urban, through the sale of products, cleaning paper, utensils, equipment, cleaning machines and also cleaning services.<\/p>\r\n<p>Over these years, Unip\u00e9lago has developed its activity in a sustained manner, attracting customers, gaining their trust, and accompanying, advising and training its users.<\/p>\r\n<p>The constant concern to establish agreements with commercial partners, with superior technologies and permanent research, as well as to search for new, more profitable and effective solutions, have projected its position, in the market where it operates, to the top.<\/p>\r\n<p>Due to its performance, perseverance and stability, Unip\u00e9lago achieved the status of PME L\u00edder company.<\/p>\r\n<p><img loading=\"lazy\" title=\"DSC06421\" src=\"https:\/\/unipelago.pt\/wp-content\/uploads\/2022\/12\/DSC06421-scaled.jpg\" alt=\"DSC06421\" width=\"2560\" height=\"1707\" data-srcset=\"https:\/\/unipelago.pt\/wp-content\/uploads\/2022\/12\/DSC06421-scaled.jpg 2560w, https:\/\/unipelago.pt\/wp-content\/uploads\/2022\/12\/DSC06421-300x200.jpg 300w, https:\/\/unipelago.pt\/wp-content\/uploads\/2022\/12\/DSC06421-1024x683.jpg 1024w, https:\/\/unipelago.pt\/wp-content\/uploads\/2022\/12\/DSC06421-768x512.jpg 768w, https:\/\/unipelago.pt\/wp-content\/uploads\/2022\/12\/DSC06421-1536x1024.jpg 1536w, https:\/\/unipelago.pt\/wp-content\/uploads\/2022\/12\/DSC06421-2048x1365.jpg 2048w, https:\/\/unipelago.pt\/wp-content\/uploads\/2022\/12\/DSC06421-1260x840.jpg 1260w, https:\/\/unipelago.pt\/wp-content\/uploads\/2022\/12\/DSC06421-630x420.jpg 630w, https:\/\/unipelago.pt\/wp-content\/uploads\/2022\/12\/DSC06421-420x280.jpg 420w, https:\/\/unipelago.pt\/wp-content\/uploads\/2022\/12\/DSC06421-840x560.jpg 840w, https:\/\/unipelago.pt\/wp-content\/uploads\/2022\/12\/DSC06421-315x210.jpg 315w\" \/> <img loading=\"lazy\" title=\"DSC05347\" src=\"https:\/\/unipelago.pt\/wp-content\/uploads\/2022\/12\/DSC05347-scaled.jpg\" alt=\"DSC05347\" width=\"2560\" height=\"1707\" data-srcset=\"https:\/\/unipelago.pt\/wp-content\/uploads\/2022\/12\/DSC05347-scaled.jpg 2560w, https:\/\/unipelago.pt\/wp-content\/uploads\/2022\/12\/DSC05347-300x200.jpg 300w, https:\/\/unipelago.pt\/wp-content\/uploads\/2022\/12\/DSC05347-1024x683.jpg 1024w, https:\/\/unipelago.pt\/wp-content\/uploads\/2022\/12\/DSC05347-768x512.jpg 768w, https:\/\/unipelago.pt\/wp-content\/uploads\/2022\/12\/DSC05347-1536x1024.jpg 1536w, https:\/\/unipelago.pt\/wp-content\/uploads\/2022\/12\/DSC05347-2048x1365.jpg 2048w, https:\/\/unipelago.pt\/wp-content\/uploads\/2022\/12\/DSC05347-1260x840.jpg 1260w, https:\/\/unipelago.pt\/wp-content\/uploads\/2022\/12\/DSC05347-630x420.jpg 630w, https:\/\/unipelago.pt\/wp-content\/uploads\/2022\/12\/DSC05347-420x280.jpg 420w, https:\/\/unipelago.pt\/wp-content\/uploads\/2022\/12\/DSC05347-840x560.jpg 840w, https:\/\/unipelago.pt\/wp-content\/uploads\/2022\/12\/DSC05347-315x210.jpg 315w\" \/> <img loading=\"lazy\" title=\"DSC06445\" src=\"https:\/\/unipelago.pt\/wp-content\/uploads\/2022\/12\/DSC06445-scaled.jpg\" alt=\"DSC06445\" width=\"2560\" height=\"1707\" data-srcset=\"https:\/\/unipelago.pt\/wp-content\/uploads\/2022\/12\/DSC06445-scaled.jpg 2560w, https:\/\/unipelago.pt\/wp-content\/uploads\/2022\/12\/DSC06445-300x200.jpg 300w, https:\/\/unipelago.pt\/wp-content\/uploads\/2022\/12\/DSC06445-1024x683.jpg 1024w, https:\/\/unipelago.pt\/wp-content\/uploads\/2022\/12\/DSC06445-768x512.jpg 768w, https:\/\/unipelago.pt\/wp-content\/uploads\/2022\/12\/DSC06445-1536x1024.jpg 1536w, https:\/\/unipelago.pt\/wp-content\/uploads\/2022\/12\/DSC06445-2048x1365.jpg 2048w, https:\/\/unipelago.pt\/wp-content\/uploads\/2022\/12\/DSC06445-1260x840.jpg 1260w, https:\/\/unipelago.pt\/wp-content\/uploads\/2022\/12\/DSC06445-630x420.jpg 630w, https:\/\/unipelago.pt\/wp-content\/uploads\/2022\/12\/DSC06445-420x280.jpg 420w, https:\/\/unipelago.pt\/wp-content\/uploads\/2022\/12\/DSC06445-840x560.jpg 840w, https:\/\/unipelago.pt\/wp-content\/uploads\/2022\/12\/DSC06445-315x210.jpg 315w\" \/> <img loading=\"lazy\" title=\"DSC06435\" src=\"https:\/\/unipelago.pt\/wp-content\/uploads\/2022\/12\/DSC06435-scaled.jpg\" alt=\"DSC06435\" width=\"2560\" height=\"1707\" data-srcset=\"https:\/\/unipelago.pt\/wp-content\/uploads\/2022\/12\/DSC06435-scaled.jpg 2560w, https:\/\/unipelago.pt\/wp-content\/uploads\/2022\/12\/DSC06435-300x200.jpg 300w, https:\/\/unipelago.pt\/wp-content\/uploads\/2022\/12\/DSC06435-1024x683.jpg 1024w, https:\/\/unipelago.pt\/wp-content\/uploads\/2022\/12\/DSC06435-768x512.jpg 768w, https:\/\/unipelago.pt\/wp-content\/uploads\/2022\/12\/DSC06435-1536x1024.jpg 1536w, https:\/\/unipelago.pt\/wp-content\/uploads\/2022\/12\/DSC06435-2048x1365.jpg 2048w, https:\/\/unipelago.pt\/wp-content\/uploads\/2022\/12\/DSC06435-1260x840.jpg 1260w, https:\/\/unipelago.pt\/wp-content\/uploads\/2022\/12\/DSC06435-630x420.jpg 630w, https:\/\/unipelago.pt\/wp-content\/uploads\/2022\/12\/DSC06435-420x280.jpg 420w, https:\/\/unipelago.pt\/wp-content\/uploads\/2022\/12\/DSC06435-840x560.jpg 840w, https:\/\/unipelago.pt\/wp-content\/uploads\/2022\/12\/DSC06435-315x210.jpg 315w\" \/> <img loading=\"lazy\" title=\"DSC06500\" src=\"https:\/\/unipelago.pt\/wp-content\/uploads\/2022\/12\/DSC06500-scaled.jpg\" alt=\"DSC06500\" width=\"2560\" height=\"1707\" data-srcset=\"https:\/\/unipelago.pt\/wp-content\/uploads\/2022\/12\/DSC06500-scaled.jpg 2560w, https:\/\/unipelago.pt\/wp-content\/uploads\/2022\/12\/DSC06500-300x200.jpg 300w, https:\/\/unipelago.pt\/wp-content\/uploads\/2022\/12\/DSC06500-1024x683.jpg 1024w, https:\/\/unipelago.pt\/wp-content\/uploads\/2022\/12\/DSC06500-768x512.jpg 768w, https:\/\/unipelago.pt\/wp-content\/uploads\/2022\/12\/DSC06500-1536x1024.jpg 1536w, https:\/\/unipelago.pt\/wp-content\/uploads\/2022\/12\/DSC06500-2048x1365.jpg 2048w, https:\/\/unipelago.pt\/wp-content\/uploads\/2022\/12\/DSC06500-1260x840.jpg 1260w, https:\/\/unipelago.pt\/wp-content\/uploads\/2022\/12\/DSC06500-630x420.jpg 630w, https:\/\/unipelago.pt\/wp-content\/uploads\/2022\/12\/DSC06500-420x280.jpg 420w, https:\/\/unipelago.pt\/wp-content\/uploads\/2022\/12\/DSC06500-840x560.jpg 840w, https:\/\/unipelago.pt\/wp-content\/uploads\/2022\/12\/DSC06500-315x210.jpg 315w\" \/><\/p>\r\n<\/div><!-- .vgblk-rw-wrapper -->","protected":false},"excerpt":{"rendered":"<p>About Unip\u00e9lago Founded in June 1994, Unip\u00e9lago Representa\u00e7\u00f5es, Lda. is a company that operates in the professional hygiene and cleaning market, hospital or urban, through the sale of products, cleaning&#8230;<\/p>\n","protected":false},"author":4,"featured_media":0,"parent":0,"menu_order":0,"comment_status":"closed","ping_status":"closed","template":"","meta":{"inline_featured_image":false},"acf":[],"yoast_head":"<!-- This site is optimized with the Yoast SEO plugin v19.8 - https:\/\/yoast.com\/wordpress\/plugins\/seo\/ -->\n<title>Cleaning Companies in the Azores | Unip\u00e9lago<\/title>\n<meta name=\"description\" content=\"Look no further for cleaning companies in the Azores! With Unipelago, we guarantee the hygiene of your space!\" \/>\n<meta name=\"robots\" content=\"index, follow, max-snippet:-1, max-image-preview:large, max-video-preview:-1\" \/>\n<link rel=\"canonical\" href=\"https:\/\/unipelago.pt\/en\/about-us\/\" \/>\n<meta property=\"og:locale\" content=\"en_US\" \/>\n<meta property=\"og:type\" content=\"article\" \/>\n<meta property=\"og:title\" content=\"Cleaning Companies in the Azores | Unip\u00e9lago\" \/>\n<meta property=\"og:description\" content=\"Look no further for cleaning companies in the Azores! With Unipelago, we guarantee the hygiene of your space!\" \/>\n<meta property=\"og:url\" content=\"https:\/\/unipelago.pt\/en\/about-us\/\" \/>\n<meta property=\"og:site_name\" content=\"Unipelago - Cleaning\/Hygiene products and services in the Azores\" \/>\n<meta property=\"article:modified_time\" content=\"2023-01-16T13:23:17+00:00\" \/>\n<meta property=\"og:image\" content=\"https:\/\/unipelago.pt\/wp-content\/uploads\/2022\/12\/DSC06421-scaled.jpg\" \/>\n<meta name=\"twitter:card\" content=\"summary_large_image\" \/>\n<meta name=\"twitter:label1\" content=\"Est. reading time\" \/>\n\t<meta name=\"twitter:data1\" content=\"2 minutes\" \/>\n<script type=\"application\/ld+json\" class=\"yoast-schema-graph\">{\"@context\":\"https:\/\/schema.org\",\"@graph\":[{\"@type\":\"WebPage\",\"@id\":\"https:\/\/unipelago.pt\/en\/about-us\/\",\"url\":\"https:\/\/unipelago.pt\/en\/about-us\/\",\"name\":\"Cleaning Companies in the Azores | Unip\u00e9lago\",\"isPartOf\":{\"@id\":\"https:\/\/unipelago.pt\/#website\"},\"datePublished\":\"2016-12-05T16:27:32+00:00\",\"dateModified\":\"2023-01-16T13:23:17+00:00\",\"description\":\"Look no further for cleaning companies in the Azores! With Unipelago, we guarantee the hygiene of your space!\",\"breadcrumb\":{\"@id\":\"https:\/\/unipelago.pt\/en\/about-us\/#breadcrumb\"},\"inLanguage\":\"en-US\",\"potentialAction\":[{\"@type\":\"ReadAction\",\"target\":[\"https:\/\/unipelago.pt\/en\/about-us\/\"]}]},{\"@type\":\"BreadcrumbList\",\"@id\":\"https:\/\/unipelago.pt\/en\/about-us\/#breadcrumb\",\"itemListElement\":[{\"@type\":\"ListItem\",\"position\":1,\"name\":\"Home\",\"item\":\"https:\/\/unipelago.pt\/en\/home\/\"},{\"@type\":\"ListItem\",\"position\":2,\"name\":\"About Us\"}]},{\"@type\":\"WebSite\",\"@id\":\"https:\/\/unipelago.pt\/#website\",\"url\":\"https:\/\/unipelago.pt\/\",\"name\":\"Unipelago - Cleaning\/Hygiene products and services in the Azores\",\"description\":\"\",\"publisher\":{\"@id\":\"https:\/\/unipelago.pt\/#organization\"},\"potentialAction\":[{\"@type\":\"SearchAction\",\"target\":{\"@type\":\"EntryPoint\",\"urlTemplate\":\"https:\/\/unipelago.pt\/?s={search_term_string}\"},\"query-input\":\"required name=search_term_string\"}],\"inLanguage\":\"en-US\"},{\"@type\":\"Organization\",\"@id\":\"https:\/\/unipelago.pt\/#organization\",\"name\":\"Unipelago - Cleaning\/Hygiene products and services in the Azores\",\"url\":\"https:\/\/unipelago.pt\/\",\"sameAs\":[],\"logo\":{\"@type\":\"ImageObject\",\"inLanguage\":\"en-US\",\"@id\":\"https:\/\/unipelago.pt\/#\/schema\/logo\/image\/\",\"url\":\"https:\/\/unipelago.pt\/wp-content\/uploads\/2022\/07\/logo.png\",\"contentUrl\":\"https:\/\/unipelago.pt\/wp-content\/uploads\/2022\/07\/logo.png\",\"width\":256,\"height\":69,\"caption\":\"Unipelago - Cleaning\/Hygiene products and services in the Azores\"},\"image\":{\"@id\":\"https:\/\/unipelago.pt\/#\/schema\/logo\/image\/\"}}]}<\/script>\n<!-- \/ Yoast SEO plugin. -->","yoast_head_json":{"title":"Cleaning Companies in the Azores | Unip\u00e9lago","description":"Look no further for cleaning companies in the Azores! With Unipelago, we guarantee the hygiene of your space!","robots":{"index":"index","follow":"follow","max-snippet":"max-snippet:-1","max-image-preview":"max-image-preview:large","max-video-preview":"max-video-preview:-1"},"canonical":"https:\/\/unipelago.pt\/en\/about-us\/","og_locale":"en_US","og_type":"article","og_title":"Cleaning Companies in the Azores | Unip\u00e9lago","og_description":"Look no further for cleaning companies in the Azores! With Unipelago, we guarantee the hygiene of your space!","og_url":"https:\/\/unipelago.pt\/en\/about-us\/","og_site_name":"Unipelago - Cleaning\/Hygiene products and services in the Azores","article_modified_time":"2023-01-16T13:23:17+00:00","og_image":[{"url":"https:\/\/unipelago.pt\/wp-content\/uploads\/2022\/12\/DSC06421-scaled.jpg"}],"twitter_card":"summary_large_image","twitter_misc":{"Est. reading time":"2 minutes"},"schema":{"@context":"https:\/\/schema.org","@graph":[{"@type":"WebPage","@id":"https:\/\/unipelago.pt\/en\/about-us\/","url":"https:\/\/unipelago.pt\/en\/about-us\/","name":"Cleaning Companies in the Azores | Unip\u00e9lago","isPartOf":{"@id":"https:\/\/unipelago.pt\/#website"},"datePublished":"2016-12-05T16:27:32+00:00","dateModified":"2023-01-16T13:23:17+00:00","description":"Look no further for cleaning companies in the Azores! With Unipelago, we guarantee the hygiene of your space!","breadcrumb":{"@id":"https:\/\/unipelago.pt\/en\/about-us\/#breadcrumb"},"inLanguage":"en-US","potentialAction":[{"@type":"ReadAction","target":["https:\/\/unipelago.pt\/en\/about-us\/"]}]},{"@type":"BreadcrumbList","@id":"https:\/\/unipelago.pt\/en\/about-us\/#breadcrumb","itemListElement":[{"@type":"ListItem","position":1,"name":"Home","item":"https:\/\/unipelago.pt\/en\/home\/"},{"@type":"ListItem","position":2,"name":"About Us"}]},{"@type":"WebSite","@id":"https:\/\/unipelago.pt\/#website","url":"https:\/\/unipelago.pt\/","name":"Unipelago - Cleaning\/Hygiene products and services in the Azores","description":"","publisher":{"@id":"https:\/\/unipelago.pt\/#organization"},"potentialAction":[{"@type":"SearchAction","target":{"@type":"EntryPoint","urlTemplate":"https:\/\/unipelago.pt\/?s={search_term_string}"},"query-input":"required name=search_term_string"}],"inLanguage":"en-US"},{"@type":"Organization","@id":"https:\/\/unipelago.pt\/#organization","name":"Unipelago - Cleaning\/Hygiene products and services in the Azores","url":"https:\/\/unipelago.pt\/","sameAs":[],"logo":{"@type":"ImageObject","inLanguage":"en-US","@id":"https:\/\/unipelago.pt\/#\/schema\/logo\/image\/","url":"https:\/\/unipelago.pt\/wp-content\/uploads\/2022\/07\/logo.png","contentUrl":"https:\/\/unipelago.pt\/wp-content\/uploads\/2022\/07\/logo.png","width":256,"height":69,"caption":"Unipelago - Cleaning\/Hygiene products and services in the Azores"},"image":{"@id":"https:\/\/unipelago.pt\/#\/schema\/logo\/image\/"}}]}},"jetpack_sharing_enabled":true,"_links":{"self":[{"href":"https:\/\/unipelago.pt\/en\/wp-json\/wp\/v2\/pages\/988445"}],"collection":[{"href":"https:\/\/unipelago.pt\/en\/wp-json\/wp\/v2\/pages"}],"about":[{"href":"https:\/\/unipelago.pt\/en\/wp-json\/wp\/v2\/types\/page"}],"author":[{"embeddable":true,"href":"https:\/\/unipelago.pt\/en\/wp-json\/wp\/v2\/users\/4"}],"replies":[{"embeddable":true,"href":"https:\/\/unipelago.pt\/en\/wp-json\/wp\/v2\/comments?post=988445"}],"version-history":[{"count":5,"href":"https:\/\/unipelago.pt\/en\/wp-json\/wp\/v2\/pages\/988445\/revisions"}],"predecessor-version":[{"id":988931,"href":"https:\/\/unipelago.pt\/en\/wp-json\/wp\/v2\/pages\/988445\/revisions\/988931"}],"wp:attachment":[{"href":"https:\/\/unipelago.pt\/en\/wp-json\/wp\/v2\/media?parent=988445"}],"curies":[{"name":"wp","href":"https:\/\/api.w.org\/{rel}","templated":true}]}}